{"id":17560,"date":"2025-10-16T07:42:49","date_gmt":"2025-10-16T07:42:49","guid":{"rendered":"https:\/\/sipcityliquor.com\/somerset\/product\/stags-leap-winery-cabernet\/"},"modified":"2026-01-24T11:43:41","modified_gmt":"2026-01-24T11:43:41","slug":"stags-leap-winery-cabernet","status":"publish","type":"product","link":"https:\/\/sipcityliquor.com\/somerset\/product\/stags-leap-winery-cabernet\/","title":{"rendered":"STAGS LEAP WINERY CABERNET"},"content":{"rendered":"<p>Exuberant and expressive, with a bounty of wild bramble berry fruits alongside lifted floral notes of lavender and violet. There are also warmer spiced notes of Cr\u00e8me br\u00fbl\u00e9e, allspice and black pepper, a nod from the seamless oak integration. On the palate, juicy cassis, black currant and blackberry are supported by hints of delicate red rose, brown butter and bittersweet chocolate, giving this Cabernet a rich depth and complexity. Cocoa-powdery tannins provide a pleasurable mouthcoating texture, all enfolding into a lengthy mouthwatering finish. Very approachable and pleasing upon release,<\/p>\n","protected":false},"excerpt":{"rendered":"<p>Exuberant and expressive, with a bounty of wild bramble berry fruits alongside lifted floral notes of lavender and violet. There are also warmer spiced notes of Cr\u00e8me br\u00fbl\u00e9e, allspice and black pepper, a nod from the seamless oak integration. On the palate, juicy cassis, black currant and blackberry are supported by hints of delicate red [&hellip;]<\/p>\n","protected":false},"featured_media":23471,"comment_status":"open","ping_status":"closed","template":"","meta":{"inline_featured_image":false},"product_cat":[119],"product_tag":[],"class_list":{"0":"post-17560","1":"product","2":"type-product","3":"status-publish","4":"has-post-thumbnail","6":"product_cat-california-cabernet","8":"first","9":"instock","10":"shipping-taxable","11":"purchasable","12":"product-type-simple"},"_links":{"self":[{"href":"https:\/\/sipcityliquor.com\/somerset\/wp-json\/wp\/v2\/product\/17560","targetHints":{"allow":["GET"]}}],"collection":[{"href":"https:\/\/sipcityliquor.com\/somerset\/wp-json\/wp\/v2\/product"}],"about":[{"href":"https:\/\/sipcityliquor.com\/somerset\/wp-json\/wp\/v2\/types\/product"}],"replies":[{"embeddable":true,"href":"https:\/\/sipcityliquor.com\/somerset\/wp-json\/wp\/v2\/comments?post=17560"}],"version-history":[{"count":1,"href":"https:\/\/sipcityliquor.com\/somerset\/wp-json\/wp\/v2\/product\/17560\/revisions"}],"predecessor-version":[{"id":23472,"href":"https:\/\/sipcityliquor.com\/somerset\/wp-json\/wp\/v2\/product\/17560\/revisions\/23472"}],"wp:featuredmedia":[{"embeddable":true,"href":"https:\/\/sipcityliquor.com\/somerset\/wp-json\/wp\/v2\/media\/23471"}],"wp:attachment":[{"href":"https:\/\/sipcityliquor.com\/somerset\/wp-json\/wp\/v2\/media?parent=17560"}],"wp:term":[{"taxonomy":"product_cat","embeddable":true,"href":"https:\/\/sipcityliquor.com\/somerset\/wp-json\/wp\/v2\/product_cat?post=17560"},{"taxonomy":"product_tag","embeddable":true,"href":"https:\/\/sipcityliquor.com\/somerset\/wp-json\/wp\/v2\/product_tag?post=17560"}],"curies":[{"name":"wp","href":"https:\/\/api.w.org\/{rel}","templated":true}]}}